{"id":83,"date":"2018-01-11T16:20:40","date_gmt":"2018-01-11T15:20:40","guid":{"rendered":"http:\/\/www.schwarzberger.net\/?page_id=83"},"modified":"2018-10-31T14:37:32","modified_gmt":"2018-10-31T13:37:32","slug":"impressum","status":"publish","type":"page","link":"https:\/\/www.schwarzberger.net\/?page_id=83","title":{"rendered":"impressum"},"content":{"rendered":"<p>Mag. Christian Riedel <em>vlg. Schwarzberger<\/em><\/p>\n<p>Werbeagentur<\/p>\n<hr \/>\n<p>Matlweg 7 | 9500 Villach, \u00d6sterreich<\/p>\n<p>riedel@schwarzberger.net | +436763362898<\/p>\n<hr \/>\n<p>UID: ATU68190414<\/p>\n<hr \/>\n<p><a href=\"https:\/\/firmen.wko.at\/Web\/DetailsKontakt.aspx?FirmaID=3d5d698a-1876-4014-a6ff-20c1aa57dc55&amp;StandortID=117&amp;StandortName=Villach+(Bezirk)&amp;Suchbegriff=riedel&amp;Page=1\">Informationspflicht lt. ECG [wko.at]<\/a><\/p>\n<p><em>Haftung f\u00fcr Inhalte<\/em><br \/>\nDie Angaben und Informationen auf diesen Webseiten erfolgen zu allgemeinen Informationszwecken. Die Inhalte der Seiten wurden mit gr\u00f6\u00dfter Sorgfalt erstellt. F\u00fcr die Richtigkeit, Vollst\u00e4ndigkeit und Aktualit\u00e4t der Angebote k\u00f6nnen wir jedoch keine Haftung \u00fcbernehmen.<\/p>\n<p><em>Haftung f\u00fcr Links<\/em><br \/>\nUnser Angebot enth\u00e4lt Links zu externen Webseiten. Auf die Inhalte dieser Seiten haben wir keinen Einfluss. Deshalb k\u00f6nnen wir keine Gew\u00e4hr hierf\u00fcr \u00fcbernehmen. F\u00fcr die Inhalte der verlinkten Seiten ist der jeweilige Anbieter verantwortlich. Bei Bekanntwerden von Rechtsverletzungen werden wir diese Links umgehend entfernen.<\/p>\n<p><em>Urheberrecht<\/em><br \/>\nDie Ver\u00f6ffentlichungen auf diesen Seiten unterliegen dem \u00f6sterreichischen Urheberrecht. Die Vervielf\u00e4ltigung, Bearbeitung, Verbreitung und jede Art der Verwertung au\u00dferhalb der Grenzen des Urheberrechtes bed\u00fcrfen der schriftlichen Zustimmung des jeweiligen Verfassers. Beitr\u00e4ge Dritter sind als solche gekennzeichnet. Downloads und Kopien dieser Seite sind nur f\u00fcr den privaten, nicht kommerziellen Gebrauch gestattet.<\/p>\n<h3 class=\"cufon_headings\">ERKL\u00c4RUNG ZUR INFORMATIONSPFLICHT DER DATENSCHUTZRICHTLINIEN<\/h3>\n<h4 class=\"cufon_headings\">DATENSCHUTZERKL\u00c4RUNG<\/h4>\n<p>Der Schutz Ihrer pers\u00f6nlichen Daten ist uns ein besonderes Anliegen. Wir verarbeiten Ihre Daten daher ausschlie\u00dflich auf Grundlage der gesetzlichen Bestimmungen (DSGVO, TKG 2003). In diesen Datenschutzinformationen informieren wir Sie \u00fcber die wichtigsten Aspekte der Datenverarbeitung im Rahmen unserer Webseite.<\/p>\n<h4 class=\"cufon_headings\">KONTAKT MIT UNS<\/h4>\n<p>Wenn Sie per Formular auf der Webseite oder per E-Mail Kontakt mit uns aufnehmen, werden Ihre angegebenen Daten zwecks Bearbeitung der Anfrage und f\u00fcr den Fall von Anschlussfragen bei uns gespeichert. Diese Daten geben wir nicht ohne Ihre Einwilligung weiter.<\/p>\n<h4 class=\"cufon_headings\">COOKIES<\/h4>\n<p>Unsere Webseite verwendet sogenannte Cookies. Dabei handelt es sich um kleine Textdateien, die mit Hilfe des Browsers auf Ihrem Endger\u00e4t abgelegt werden. Sie richten keinen Schaden an.<\/p>\n<p>Wir nutzen Cookies dazu, unser Angebot nutzerfreundlich zu gestalten. Einige Cookies bleiben auf Ihrem Endger\u00e4t gespeichert, bis Sie diese l\u00f6schen. Sie erm\u00f6glichen es uns, Ihren Browser beim n\u00e4chsten Besuch wiederzuerkennen.<\/p>\n<p>Wenn Sie dies nicht w\u00fcnschen, so k\u00f6nnen Sie Ihren Browser so einrichten, dass er Sie \u00fcber das Setzen von Cookies informiert und Sie dies nur im Einzelfall erlauben.<\/p>\n<p>Bei der Deaktivierung von Cookies kann die Funktionalit\u00e4t unserer Webseite eingeschr\u00e4nkt sein.<\/p>\n<p><strong>Anleitung zur Deaktivierung von Cookies bei:<\/strong><\/p>\n<ul>\n<li><a href=\"https:\/\/support.mozilla.org\/de\/kb\/Cookies-blockieren\">Mozilla Firefox<\/a><\/li>\n<li><a href=\"https:\/\/support.google.com\/accounts\/answer\/61416?co=GENIE.Platform%3DDesktop&amp;hl=de\">Google Chrome<\/a><\/li>\n<li><a href=\"http:\/\/help.opera.com\/Linux\/9.01\/de\/cookies.html\">Opera<\/a><\/li>\n<li><a href=\"https:\/\/support.apple.com\/kb\/PH21411?locale=de_DE\">Safari<\/a><\/li>\n<li><a href=\"https:\/\/help.vivaldi.com\/article\/history\/\">Vivaldi<\/a><\/li>\n<li><a href=\"https:\/\/support.microsoft.com\/de-at\/help\/17442\/windows-internet-explorer-delete-manage-cookies\">Internet Explorer<\/a><\/li>\n<\/ul>\n<h4 class=\"cufon_headings\">GOOGLE ANALYTICS<\/h4>\n<p>Unsere Webseite verwendet Funktionen des Webanalysedienstes Google Analytics, Google LLC, 1600 Amphitheatre Parkway, Mountain View, CA 94043, USA. Dazu werden Cookies verwendet, die eine Analyse der Benutzung der Webseite durch Ihre Benutzer erm\u00f6glicht. Die dadurch erzeugten Informationen werden auf den Server des Anbieters \u00fcbertragen und dort gespeichert. Sie k\u00f6nnen dies verhindern, indem Sie Ihren Browser so einrichten, dass keine Cookies gespeichert werden. Anleitung zur Deaktivierung finden Sie unter den Punkt Cookies, Anleitung zur Deaktivierung von Cookies bei Google Chrome.<\/p>\n<p>Wir haben mit dem Anbieter einen entsprechenden Vertrag zur Auftragsdatenverarbeitung abgeschlossen. Ihre IP-Adresse wird erfasst, aber umgehend (z.B. durch L\u00f6schung der letzten 8 Bit) pseudonymisiert. Dadurch ist nur mehr eine grobe Lokalisierung m\u00f6glich. Die Beziehung zum Webanalyseanbieter basiert auf \u201ePrivacy Shield.<\/p>\n<p>Die Datenverarbeitung erfolgt auf Basis der gesetzlichen Bestimmungen des \u00a7 96 Abs 3 TKG sowie des Art 6 Abs 1 lit a (Einwilligung) und\/oder f (berechtigtes Interesse) der DSGVO. Unser Anliegen im Sinne der DSGVO (berechtigtes Interesse) ist die Verbesserung unseres Angebotes und unseres Webauftritts. Da uns die Privatsph\u00e4re unserer Nutzer wichtig ist, werden die Nutzerdaten pseudonymisiert.<\/p>\n<h4 class=\"cufon_headings\">FACEBOOK PIXEL<\/h4>\n<p>Unsere Webseite verwendet die Remarketing-Funktion \u201eCustom Audiences\u201c der Facebook Inc. (im folgenden \u201eFacebook\u201c genannt). Diese Funktion dient dazu, Besuchern unserer Webseite im Falle eines Besuchs des sozialen Netzwerkes Facebook interessenbezogene Werbeanzeigen, \u201eFacebook-Ads\u201c, zu pr\u00e4sentieren. \u00dcber dieses Funktion wird beim Besuch der Webseite eine direkte Verbindung zu den Servern von Facebook hergestellt. An diese wird Ihr Besuch dieser Webseite \u00fcbermittelt. Facebook ordnet diese Information automatisch Ihrem pers\u00f6nlichen Facebook-Benutzerkonto zu.<\/p>\n<p>N\u00e4here Informationen zur Erhebung und Nutzung der Daten durch Facebook sowie \u00fcber Ihre Rechte und M\u00f6glichkeiten zum Schutz Ihrer Privatsph\u00e4re finden Sie\u00a0<a href=\"https:\/\/www.facebook.com\/about\/privacy\/\">in den Datenschutzhinweisen von Facebook<\/a>. Alternativ k\u00f6nnen Sie auch die\u00a0<a href=\"https:\/\/www.facebook.com\/settings\/?tab=ads#_=_\">Remarketing-Funktion \u201eCustom Audiences\u201c<\/a>\u00a0deaktivieren. F\u00fcr beide Vorg\u00e4ngen m\u00fcssen Sie bei Facebook angemeldet sein.<\/p>\n<h4 class=\"cufon_headings\">IHRE RECHTE<\/h4>\n<p>Ihnen stehen grunds\u00e4tzlich die Rechte auf Auskunft, Berichtigung, L\u00f6schung, Einschr\u00e4nkung, Daten\u00fcbertragbarkeit, Widerruf und Widerspruch zu. Wenn Sie glauben, dass die Verarbeitung Ihrer Daten gegen das Datenschutzrecht verst\u00f6\u00dft oder Ihre datenschutzrechtlichen Anspr\u00fcche sonst in einer Weise verletzt worden sind, k\u00f6nnen Sie sich bei der Aufsichtsbeh\u00f6rde beschweren. In \u00d6sterreich ist dies die Datenschutzbeh\u00f6rde.<\/p>\n<p class=\"cufon_headings\">SIE ERREICHEN UNS UNTER DEN OBEN ANGEF\u00dcHRTEN KONTAKTDATEN.<\/p>\n","protected":false},"excerpt":{"rendered":"<p>Mag. Christian Riedel vlg. Schwarzberger Werbeagentur Matlweg 7 | 9500 Villach, \u00d6sterreich riedel@schwarzberger.net | +436763362898 UID: ATU68190414 Informationspflicht lt. ECG [wko.at] Haftung f\u00fcr Inhalte Die Angaben und Informationen auf diesen Webseiten erfolgen zu allgemeinen Informationszwecken. Die Inhalte der Seiten wurden mit gr\u00f6\u00dfter Sorgfalt erstellt. F\u00fcr die Richtigkeit, Vollst\u00e4ndigkeit und Aktualit\u00e4t der Angebote k\u00f6nnen wir jedoch [&hellip;]<\/p>\n","protected":false},"author":1,"featured_media":0,"parent":0,"menu_order":0,"comment_status":"closed","ping_status":"closed","template":"","meta":[],"_links":{"self":[{"href":"https:\/\/www.schwarzberger.net\/index.php?rest_route=\/wp\/v2\/pages\/83"}],"collection":[{"href":"https:\/\/www.schwarzberger.net\/index.php?rest_route=\/wp\/v2\/pages"}],"about":[{"href":"https:\/\/www.schwarzberger.net\/index.php?rest_route=\/wp\/v2\/types\/page"}],"author":[{"embeddable":true,"href":"https:\/\/www.schwarzberger.net\/index.php?rest_route=\/wp\/v2\/users\/1"}],"replies":[{"embeddable":true,"href":"https:\/\/www.schwarzberger.net\/index.php?rest_route=%2Fwp%2Fv2%2Fcomments&post=83"}],"version-history":[{"count":7,"href":"https:\/\/www.schwarzberger.net\/index.php?rest_route=\/wp\/v2\/pages\/83\/revisions"}],"predecessor-version":[{"id":137,"href":"https:\/\/www.schwarzberger.net\/index.php?rest_route=\/wp\/v2\/pages\/83\/revisions\/137"}],"wp:attachment":[{"href":"https:\/\/www.schwarzberger.net\/index.php?rest_route=%2Fwp%2Fv2%2Fmedia&parent=83"}],"curies":[{"name":"wp","href":"https:\/\/api.w.org\/{rel}","templated":true}]}}